{"id":473,"date":"2025-12-06T14:33:35","date_gmt":"2025-12-06T13:33:35","guid":{"rendered":"https:\/\/www.agirsd.fr\/?page_id=473"},"modified":"2026-02-27T23:36:22","modified_gmt":"2026-02-27T22:36:22","slug":"pilier-2-une-ville-qui-eduque-cree-et-emancipe","status":"publish","type":"page","link":"https:\/\/www.agirsd.fr\/index.php\/pilier-2-une-ville-qui-eduque-cree-et-emancipe\/","title":{"rendered":"Pilier 2 : Une ville qui \u00e9duque, cr\u00e9e et \u00e9mancipe"},"content":{"rendered":"\n<p>L&rsquo;\u00e9mancipation commence par l&rsquo;\u00e9ducation et l&rsquo;acc\u00e8s \u00e0 la culture. Une ville qui \u00e9duque, c&rsquo;est une ville qui donne \u00e0 chaque enfant, chaque jeune, chaque famille, les cl\u00e9s pour construire son propre avenir. Cela passe par des \u00e9coles r\u00e9nov\u00e9es et climatis\u00e9es, un centre d&rsquo;appui p\u00e9dagogique qui coordonne toutes les ressources \u00e9ducatives, des cr\u00e8ches accessibles pour faciliter le retour \u00e0 l&#8217;emploi des parents, et des maisons de sant\u00e9 dans chaque quartier.<\/p>\n\n\n\n<p>Cr\u00e9er, c&rsquo;est transformer l&rsquo;\u00e9nergie de notre jeunesse en puissance cr\u00e9ative. Nous voulons remplacer les centres de jeunesse traditionnels par de v\u00e9ritables maisons de production culturelle et artistique : studios d&rsquo;enregistrement, cam\u00e9ras, ateliers de confection. Nous voulons aussi redonner vie \u00e0 notre patrimoine exceptionnel : l&rsquo;\u00e9glise de l&rsquo;Estr\u00e9e, le Carmel, la maison Coignet, les bateaux-lavoirs. Notre histoire est une richesse, nous devons la faire vivre.<\/p>\n\n\n\n<p>\u00c9manciper, c&rsquo;est donner \u00e0 chacun les moyens de sa libert\u00e9. Par la culture accessible avec du th\u00e9\u00e2tre classique au TGP et une billetterie sociale. Par le soutien aux associations locales qui agissent concr\u00e8tement sur notre territoire. Par une politique de solidarit\u00e9 qui privil\u00e9gie l&rsquo;acc\u00e8s \u00e0 l&#8217;emploi et l&rsquo;autonomie plut\u00f4t que l&rsquo;assistanat.&nbsp;<\/p>\n\n\n\n<p>Saint-Denis doit \u00eatre une ville qui lib\u00e8re les \u00e9nergies et les talents.<\/p>\n\n\n\n<h2 class=\"wp-block-heading has-custom-color-4-color has-text-color has-link-color wp-elements-16ed0fc7efea403df364de5b3160dbf4\"><strong>Nos propositions :<\/strong><\/h2>\n\n\n\n<h3 class=\"wp-block-heading has-custom-color-4-color has-text-color has-link-color wp-elements-7bb7aca6aad575adde30e590ccb8636b\">\u00c9ducation, citoyennet\u00e9, valeurs &amp; \u00e9galit\u00e9<\/h3>\n\n\n\n<ul class=\"wp-block-list\">\n<li>Des \u00e9coles dignes, partout : r\u00e9novation renforc\u00e9e des b\u00e2timents pour le confort d\u2019hiver comme d\u2019\u00e9t\u00e9 et baisse durable des consommations. Installer les proc\u00e9d\u00e9s les plus efficaces de chauffage et climatisation (g\u00e9othermie, pompes \u00e0 chaleur d\u00e9carbon\u00e9es) pour r\u00e9guler la temp\u00e9rature. Autour de chaque \u00e9cole, abords apais\u00e9s : s\u00e9curit\u00e9 pi\u00e9tonne, ombre, v\u00e9g\u00e9tation, propret\u00e9.<\/li>\n\n\n\n<li>Sant\u00e9 et confort des enfants : capteurs de CO2, de particules fines et de composants organiques volatiles dans chaque classe. V\u00e9rification r\u00e9guli\u00e8re de la ventilation et corrections rapides en cas d\u2019alerte. R\u00e9sultats accessibles en ligne et objectifs rendus publics. V\u00e9g\u00e9talisation des cours d&rsquo;\u00e9cole.<\/li>\n\n\n\n<li>Un centre d\u2019appui p\u00e9dagogique au service des enseignants et donc des \u00e9l\u00e8ves : cr\u00e9er une structure permettant d&rsquo;allouer des moyens mat\u00e9riels suppl\u00e9mentaires aux enseignants et de proposer des ressources p\u00e9dagogiques cl\u00e9 en main, utilisables aussi en p\u00e9riscolaire, dans le respect de la libert\u00e9 p\u00e9dagogique. Cette d\u00e9marche se ferait dans le cadre de partenariats inter-collectivit\u00e9s pour mutualiser et mobiliser des financements europ\u00e9ens.<\/li>\n\n\n\n<li>Favoriser l\u2019accompagnement des enseignants et ATSEM gr\u00e2ce au centre d\u2019appui p\u00e9dagogique : co-intervention avec du personnel municipal agr\u00e9\u00e9, \u00e0 la demande des \u00e9coles. Renforcement des liens avec des associations partenaires comme \u00ab\u00a0Coup de pouce\u00a0\u00bb. Allouer des moyens humains suppl\u00e9mentaires mobilisables et proposer des ateliers p\u00e9dagogiques pr\u00eats \u00e0 \u00eatre d\u00e9ploy\u00e9s \u00e0 la demande de chaque \u00e9cole.<\/li>\n\n\n\n<li>Renforcer la place du livre : cr\u00e9ation d\u2019un pass m\u00e9diath\u00e8que automatiquement d\u00e9livr\u00e9 \u00e0 l\u2019entr\u00e9e en CP, travail avec le centre d\u2019appui p\u00e9dagogique pour favoriser le travail entre les biblioth\u00e8ques, les m\u00e9diath\u00e8ques et les \u00e9coles.<\/li>\n\n\n\n<li>Parents partenaires : \u00e9largissement des lieux d\u2019accueil enfants-parents (LAEP), permanences multilingues et parcours d\u2019accueil des nouveaux arrivants. Liens formalis\u00e9s entre ces structures, les \u00e9coles et le centre d\u2019appui p\u00e9dagogique pour traiter rapidement les besoins.<\/li>\n\n\n\n<li>Une gouvernance de l\u2019\u00e9cole renforc\u00e9e : d\u00e9cliner l\u2019action de la politique \u00e9ducative de la ville en programmes dont l\u2019efficacit\u00e9 serait mesurable et rendue publique.<\/li>\n\n\n\n<li>Renforcer les liens entre la municipalit\u00e9 et les conseils d&rsquo;\u00e9cole pour allouer davantage de moyens gr\u00e2ce au centre d&rsquo;appui p\u00e9dagogique. R\u00e9unir les acteurs de l\u2019\u00e9ducation sur le territoire pour rendre compte et ajuster l\u2019action de la commune pour qu\u2019elle soit au c\u0153ur des besoins des \u00e9coles.<\/li>\n\n\n\n<li>Politique de cantine : qualit\u00e9 nutritionnelle, circuits courts et produits locaux quand c&rsquo;est possible, tarification au quotient familial.<\/li>\n\n\n\n<li>V\u00e9lo \u00e9cole : programme de v\u00e9lo \u00e9cole dans le cadre du Centre d&rsquo;Appui P\u00e9dagogique et des activit\u00e9s p\u00e9riscolaires.<\/li>\n<\/ul>\n\n\n\n<h3 class=\"wp-block-heading has-custom-color-4-color has-text-color has-link-color wp-elements-2b2ce5eff175c64357faa5a4270f25bf\">Sant\u00e9, social &amp; environnement<\/h3>\n\n\n\n<ul class=\"wp-block-list\">\n<li>Installer des maisons de sant\u00e9 pluridisciplinaires dans chaque quartier : proximit\u00e9 d\u2019acc\u00e8s \u00e0 des m\u00e9decins g\u00e9n\u00e9ralistes et sp\u00e9cialistes, notamment p\u00e9diatres et g\u00e9riatres.<\/li>\n\n\n\n<li>Contrat local de sant\u00e9 renforc\u00e9 : d\u00e9pistages, sant\u00e9 mentale, sant\u00e9 scolaire.<\/li>\n\n\n\n<li>Augmenter l&rsquo;offre de cr\u00e8ches et de maisons d&rsquo;assistantes maternelles, pour faciliter le retour \u00e0 l&#8217;emploi des jeunes m\u00e8res de famille.<\/li>\n\n\n\n<li>Addictions : centres de soin plut\u00f4t que centres de consommation, pas d\u2019implantation de sites sensibles en centre-ville sans conditions strictes de s\u00e9curit\u00e9 et de concertation.<\/li>\n\n\n\n<li>Sport-sant\u00e9 : partenariats avec clubs locaux, am\u00e9nagement de parcours pi\u00e9tons sportifs s\u00e9curis\u00e9s.<\/li>\n\n\n\n<li>Grand \u00e2ge : autonomie, lien social et dignit\u00e9 : plan d&rsquo;action d\u00e9di\u00e9 -> adaptation du logement (accessibilit\u00e9, interg\u00e9n\u00e9rationnel), lutte contre l&rsquo;isolement (associations, conseils de quartier, sport adapt\u00e9), consultations de g\u00e9riatrie dans les maisons de sant\u00e9 de quartier.<\/li>\n<\/ul>\n\n\n\n<h3 class=\"wp-block-heading has-custom-color-4-color has-text-color has-link-color wp-elements-4bff8c9489a9cbbb365f1024a9a1ecea\">Culture &amp; patrimoine<\/h3>\n\n\n\n<ul class=\"wp-block-list\">\n<li>Restaurer et faire vivre les sites embl\u00e9matiques : \u00e9glise de l\u2019Estr\u00e9e, Carmel (aile inoccup\u00e9e transform\u00e9e en incubateur culturel [r\u00e9sidences d\u2019artistes, associations, formations aux m\u00e9tiers culturels ; gestion d\u00e9l\u00e9gable \u00e0 un op\u00e9rateur externe)]), maison Coignet, halle marchande, maison des arbal\u00e9triers, piscines et bateaux-lavoirs.<\/li>\n\n\n\n<li>Programmation culturelle : th\u00e9\u00e2tre classique au TGP chaque saison, billetterie sociale pour jeunes et familles modestes.<\/li>\n\n\n\n<li>M\u00e9moire r\u00e9publicaine : rebaptiser rues et avenues, apr\u00e8s concertation locale, portant des noms incompatibles avec nos valeurs d\u00e9mocratiques (ex. L\u00e9nine, Thorez).<\/li>\n\n\n\n<li>Signal\u00e9tique patrimoniale : parcours, plaques explicatives, charte graphique avec \u00e9cusson historique.<\/li>\n\n\n\n<li>R\u00e9nover la fresque olympique du stade Delaune.<\/li>\n\n\n\n<li>R\u00e9nover le V\u00e9lodrome et le baptiser V\u00e9lodrome Armand Blanchonnet.<\/li>\n\n\n\n<li>Politique \u00e9v\u00e9nementielle : valoriser les \u00e9v\u00e9nements existants, cr\u00e9er des \u00e9v\u00e9nements autour du patrimoine restaur\u00e9, soutenir les initiatives locales. Calendrier annuel publi\u00e9.<\/li>\n<\/ul>\n\n\n\n<h3 class=\"wp-block-heading has-custom-color-4-color has-text-color has-link-color wp-elements-1f8733e39736432a7eb7e00ed74562d0\">Solidarit\u00e9s, jeunesse &amp; vie associative et sportive<\/h3>\n\n\n\n<ul class=\"wp-block-list\">\n<li>Soutien renforc\u00e9 aux associations sportives, sociales et culturelles locales, avec obligation de rendre compte de l\u2019usage des subventions.<\/li>\n\n\n\n<li>Soutien aux familles actives : priorit\u00e9 d&rsquo;acc\u00e8s aux cr\u00e8ches pour les familles o\u00f9 les parents occupent un emploi favorisant ainsi l\u2019\u00e9mancipation \u00e9conomique et l&rsquo;insertion professionnelle.<\/li>\n\n\n\n<li>Cr\u00e9ation d&rsquo;une salle pour les c\u00e9r\u00e9monies fun\u00e9raires la\u00efques.<\/li>\n\n\n\n<li>Transformer l\u2019\u00e9nergie des jeunes en puissance cr\u00e9ative : remplacer les centres de jeunesse par des Maisons de la Cr\u00e9ation, des lieux d&rsquo;apprentissage et de production culturelle, artistique et num\u00e9rique, pour apporter aux jeunes les cl\u00e9s de la cr\u00e9ation : studios d&rsquo;enregistrement, cam\u00e9ras, ateliers et mat\u00e9riel de confection<\/li>\n<\/ul>\n\n\n\n<h3 class=\"wp-block-heading has-custom-color-4-color has-text-color has-link-color wp-elements-702177279ef932bf851e316e6e4e8058\">Pierrefitte-sur-Seine<\/h3>\n\n\n\n<ul class=\"wp-block-list\">\n<li>Collectif culturel pierrefittois et F\u00eate de la ville : collectif associatif animant la vie culturelle de Pierrefitte de mani\u00e8re autonome, avec des f\u00eates annuelle comme les Foul\u00e9es, la F\u00eate de la musique et carnaval des quartiers.<\/li>\n<\/ul>\n","protected":false},"excerpt":{"rendered":"<p>L&rsquo;\u00e9mancipation commence par l&rsquo;\u00e9ducation et l&rsquo;acc\u00e8s \u00e0 la culture. Une ville qui \u00e9duque, c&rsquo;est une ville qui donne \u00e0 chaque enfant, chaque jeune, chaque famille, les cl\u00e9s pour construire son propre avenir. Cela passe par des \u00e9coles r\u00e9nov\u00e9es et climatis\u00e9es, un centre d&rsquo;appui p\u00e9dagogique qui coordonne toutes les ressources \u00e9ducatives, des cr\u00e8ches accessibles pour faciliter [&hellip;]<\/p>\n","protected":false},"author":1,"featured_media":0,"parent":0,"menu_order":0,"comment_status":"closed","ping_status":"closed","template":"","meta":{"footnotes":""},"class_list":["post-473","page","type-page","status-publish","hentry"],"_links":{"self":[{"href":"https:\/\/www.agirsd.fr\/index.php\/wp-json\/wp\/v2\/pages\/473","targetHints":{"allow":["GET"]}}],"collection":[{"href":"https:\/\/www.agirsd.fr\/index.php\/wp-json\/wp\/v2\/pages"}],"about":[{"href":"https:\/\/www.agirsd.fr\/index.php\/wp-json\/wp\/v2\/types\/page"}],"author":[{"embeddable":true,"href":"https:\/\/www.agirsd.fr\/index.php\/wp-json\/wp\/v2\/users\/1"}],"replies":[{"embeddable":true,"href":"https:\/\/www.agirsd.fr\/index.php\/wp-json\/wp\/v2\/comments?post=473"}],"version-history":[{"count":4,"href":"https:\/\/www.agirsd.fr\/index.php\/wp-json\/wp\/v2\/pages\/473\/revisions"}],"predecessor-version":[{"id":697,"href":"https:\/\/www.agirsd.fr\/index.php\/wp-json\/wp\/v2\/pages\/473\/revisions\/697"}],"wp:attachment":[{"href":"https:\/\/www.agirsd.fr\/index.php\/wp-json\/wp\/v2\/media?parent=473"}],"curies":[{"name":"wp","href":"https:\/\/api.w.org\/{rel}","templated":true}]}}