{"id":471,"date":"2025-12-06T14:32:35","date_gmt":"2025-12-06T13:32:35","guid":{"rendered":"https:\/\/www.agirsd.fr\/?page_id=471"},"modified":"2026-02-27T23:38:02","modified_gmt":"2026-02-27T22:38:02","slug":"pilier-1-une-ville-sure-qui-ecoute-rend-des-comptes-et-agit-avec-ses-habitants","status":"publish","type":"page","link":"https:\/\/www.agirsd.fr\/index.php\/pilier-1-une-ville-sure-qui-ecoute-rend-des-comptes-et-agit-avec-ses-habitants\/","title":{"rendered":"Pilier 1 : Une ville s\u00fbre, qui \u00e9coute, rend des comptes et agit avec ses habitants"},"content":{"rendered":"\n<p>Vivre en s\u00e9curit\u00e9 est un droit fondamental. Pas seulement la s\u00e9curit\u00e9 physique dans nos rues et nos quartiers, mais aussi la s\u00e9curit\u00e9 d\u00e9mocratique : celle de savoir que votre voix compte, que vos \u00e9lus rendent des comptes, et que l&rsquo;argent public est g\u00e9r\u00e9 avec rigueur et transparence.<\/p>\n\n\n\n<p>Notre vision de la s\u00e9curit\u00e9 repose sur une police municipale moderne, renforc\u00e9e et \u00e9quip\u00e9e de cam\u00e9ras-pi\u00e9tons qui prot\u00e8gent \u00e0 la fois les citoyens et les agents. Sur le respect strict des r\u00e8gles de circulation et de stationnement. Sur l&rsquo;\u00e9radication des rod\u00e9os urbains et du sentiment d&rsquo;impunit\u00e9. Mais la s\u00e9curit\u00e9, c&rsquo;est aussi celle d&rsquo;un cadre d\u00e9mocratique solide : des r\u00e9unions publiques trimestrielles obligatoires dans chaque quartier, une transparence totale des budgets et des projets, un ex\u00e9cutif coll\u00e9gial o\u00f9 les adjoints re\u00e7oivent leur mandat directement du conseil municipal.<\/p>\n\n\n\n<p>Nous croyons que servir Saint-Denis ne doit jamais \u00eatre un privil\u00e8ge, mais un engagement. C&rsquo;est pourquoi nous baisserons imm\u00e9diatement les indemnit\u00e9s des \u00e9lus d\u00e8s le d\u00e9but du mandat, \u00e0 l&rsquo;inverse de la majorit\u00e9 actuelle.&nbsp;<\/p>\n\n\n\n<p>Gouverner, c&rsquo;est rendre des comptes, \u00e9couter, et agir avec efficacit\u00e9.<\/p>\n\n\n\n<h2 class=\"wp-block-heading has-custom-color-2-color has-text-color has-link-color wp-elements-89e5f99dd19d92d4e51e6294be0f5759\"><strong>Nos propositions :<\/strong><\/h2>\n\n\n\n<h3 class=\"wp-block-heading has-custom-color-2-color has-text-color has-link-color wp-elements-a2b29eaf3eac8f4221feb5d26a03abff\">S\u00e9curit\u00e9 &amp; ordre public<\/h3>\n\n\n\n<ul class=\"wp-block-list\">\n<li>Police municipale moderne, renforc\u00e9e et transparente : plus d\u2019effectifs, davantage d\u2019\u00eelotage \u00e0 pied\/VTT, avec cam\u00e9ras-pi\u00e9tons (chaque agent sera \u00e9quip\u00e9 d\u2019une cam\u00e9ra embarqu\u00e9e, pour prot\u00e9ger les citoyens comme les policiers et garantir une s\u00e9curit\u00e9 transparente, responsable et respectueuse).<\/li>\n\n\n\n<li>Vid\u00e9oprotection : renforcer le r\u00e9seau.<\/li>\n\n\n\n<li>Vid\u00e9overbalisation &amp; radars de feux : d\u00e9ployer la vid\u00e9overbalisation pour que les r\u00e8gles soient respect\u00e9es.<\/li>\n\n\n\n<li>Responsabiliser les locataires sociaux : tout manquement grave ou r\u00e9p\u00e9t\u00e9 aux r\u00e8gles de vie commune entra\u00eenera des sanctions, dans le respect de la loi.<\/li>\n\n\n\n<li>D\u00e9ployer une justice r\u00e9paratrice avec des Travaux d&rsquo;Int\u00e9r\u00eat G\u00e9n\u00e9ral (TIG) municipaux : r\u00e9parer sa ville, r\u00e9parer sa faute.<\/li>\n\n\n\n<li>Incivilit\u00e9s du quotidien : verbalisation renforc\u00e9e des d\u00e9p\u00f4ts sauvages, stationnements g\u00eanants et nuisances.<\/li>\n\n\n\n<li>Pr\u00e9vention jeunesse : agents de pr\u00e9vention, programme \u201cREBOND\u201d (proposant un parcours d\u2019engagement \u00e9ducatif pour les coll\u00e9giens temporairement exclus) et des chantiers \u00e9ducatifs r\u00e9mun\u00e9r\u00e9s, afin qu\u2019aucun jeune ne se retrouve livr\u00e9 \u00e0 lui-m\u00eame dans l\u2019espace public, sans perspective <\/li>\n\n\n\n<li>Institutionnaliser la nomination d\u2019un auditeur ind\u00e9pendant de la police municipale, d\u00e9sign\u00e9 par l\u2019opposition municipale, selon des crit\u00e8res de qualification et de dipl\u00f4me pr\u00e9cis, et dot\u00e9 d\u2019un pouvoir d\u2019enqu\u00eate en cas de manquements ou de d\u00e9bordements constat\u00e9s.<\/li>\n\n\n\n<li>Cr\u00e9ation de la \u00ab\u00a0Citad\u2019Elles\u00a0\u00bb, maison d\u00e9di\u00e9e \u00e0 la protection des femmes :\n<ul class=\"wp-block-list\">\n<li>Un accueil 24h\/24 o\u00f9 une femme victime de violences conjugales peut porter plainte (la police se d\u00e9place \u00e0 la Citad\u2019Elles).<\/li>\n\n\n\n<li>Un lieu pour se reconstruire, \u00eatre entour\u00e9e, prot\u00e9g\u00e9e, d\u00e9fendue juridiquement et prise en charge psychologiquement avec ses enfants.<\/li>\n\n\n\n<li>Mise en place du \u00ab\u00a0bracelet anti-rapprochement\u00a0\u00bb pour \u00e9loigner les conjoints violents et prot\u00e9ger les femmes menac\u00e9es.<\/li>\n<\/ul>\n<\/li>\n\n\n\n<li>V\u00e9lo : vision \u00ab\u00a00 mort, 0 bless\u00e9 grave\u00a0\u00bb. Mobilisation de la police municipale pour sanctionner les comportements dangereux envers les cyclistes, utilisation de la vid\u00e9oprotection existante \u00e0 des fins de verbalisation. Priorit\u00e9 accord\u00e9e aux \u00ab\u00a0rues aux \u00e9coles\u00a0\u00bb.<\/li>\n<\/ul>\n\n\n\n<h3 class=\"wp-block-heading has-custom-color-2-color has-text-color has-link-color wp-elements-03364f240acb00b2bc65b41f29fd83b8\">Solidarit\u00e9s, jeunesse &amp; vie associative et sportive<\/h3>\n\n\n\n<ul class=\"wp-block-list\">\n<li>S\u00e9lectivit\u00e9 des subventions : r\u00e9server les aides exclusivement aux associations op\u00e9rant sur le territoire de Saint-Denis.<\/li>\n\n\n\n<li>Contr\u00f4le des aides en nature : suivi des locaux pr\u00eat\u00e9s, mat\u00e9riel, communication.<\/li>\n<\/ul>\n\n\n\n<h3 class=\"wp-block-heading has-custom-color-2-color has-text-color has-link-color wp-elements-d8a28a2f8bc58bdad092c36a4c070111\">D\u00e9mocratie, administration &amp; finance locale<\/h3>\n\n\n\n<ul class=\"wp-block-list\">\n<li>Q&amp;R citoyennes \u00e0 chaque conseil municipal : d\u00e9p\u00f4t anonymis\u00e9, tirage au sort par commissaire de justice, r\u00e9ponse obligatoire du maire ou de l\u2019adjoint comp\u00e9tent.<\/li>\n\n\n\n<li>Ex\u00e9cutif coll\u00e9gial : les adjoints re\u00e7oivent leur d\u00e9l\u00e9gation directement du conseil municipal ; le maire devient strat\u00e8ge et coordinateur.<\/li>\n\n\n\n<li>Conseils de quartier vivants : r\u00e9unions publiques trimestrielles obligatoires o\u00f9 chaque \u00e9lu doit pr\u00e9senter les projets, suivre l\u2019avancement et recueillir les probl\u00e8mes.<\/li>\n\n\n\n<li>Publication syst\u00e9matique des projets, budgets et \u00e9ch\u00e9ances en acc\u00e8s libre, incluant le Plan d&rsquo;Accessibilit\u00e9 de la Voirie (PAVE) de Plaine Commune en open data avec cartographie interactive<\/li>\n\n\n\n<li>R\u00e9tablir le logotype historique des villes de Saint-Denis et Pierrefitte-sur-Seine.<\/li>\n\n\n\n<li>Proc\u00e9dures simplifi\u00e9es : autorisations de circulation ou stationnement exceptionnels disponibles en ligne.<\/li>\n\n\n\n<li>R\u00e9vision des tarifications des services publics municipaux pour les rendre contributifs et progressifs.<\/li>\n\n\n\n<li>Restructuration de l&rsquo;administration municipale : polyvalence des agents, ville intelligente et connect\u00e9e (fa\u00e7on Noisy le Grand), efficacit\u00e9 op\u00e9rationnelle (march\u00e9s publics, ma\u00eetrise d&rsquo;ouvrage et de projet).<\/li>\n\n\n\n<li>Financement du programme via une augmentation de l&rsquo;assiette fiscale et non pas des taux d&rsquo;imp\u00f4t.<\/li>\n\n\n\n<li>Aucune \u00e9volution institutionnelle locale sans l\u2019accord explicite des citoyens, \u00e0 travers un r\u00e9f\u00e9rendum local.<\/li>\n\n\n\n<li>Servir Saint-Denis ne doit jamais \u00eatre un privil\u00e8ge, mais un engagement : gel des indemnit\u00e9s des \u00e9lus d\u00e8s le d\u00e9but du mandat, \u00e0 l&rsquo;inverse de la majorit\u00e9 municipale actuelle, justification obligatoire de chaque d\u00e9pense engag\u00e9e dans le cadre des indemnit\u00e9s de repr\u00e9sentation, remboursements sur preuves uniquement, restitution de l&rsquo;argent non-d\u00e9pens\u00e9 \u00e0 des associations tir\u00e9es au sort, publication annuelle d&rsquo;un bilan d\u00e9taill\u00e9 des frais et indemnit\u00e9s, accessible \u00e0 tous.<\/li>\n\n\n\n<li>Num\u00e9rique souverain : le logiciel libre comme r\u00e8gle : la priorit\u00e9 au logiciel libre sera une r\u00e8gle de gestion municipale, le recours au propri\u00e9taire une exception document\u00e9e. Audit complet de l&rsquo;\u00e9cosyst\u00e8me logiciel d\u00e8s le d\u00e9but du mandat, plan de migration progressif, contribution au d\u00e9veloppement de solutions libres via le Centre d&rsquo;Appui P\u00e9dagogique.<\/li>\n<\/ul>\n\n\n\n<h3 class=\"wp-block-heading has-custom-color-2-color has-text-color has-link-color wp-elements-d10375e2bec3b15b51f550bcb8e1ab7c\">Pierrefitte-sur-Seine<\/h3>\n\n\n\n<ul class=\"wp-block-list\">\n<li>D\u00e9centralisation des services municipaux \u00e0 Pierrefitte : s\u00e9jours, d\u00e9marches associatives, \u00e9tat civil, accueil social : ces services seront accessibles directement \u00e0 Pierrefitte. Fini les allers-retours \u00e0 Saint-Denis.<\/li>\n\n\n\n<li>Agora Pierrefittoise : lieu de d\u00e9bat citoyen permanent \u00e0 Pierrefitte, distinct des conseils de quartier dionysiens, avec les m\u00eames obligations de r\u00e9ponse et de suivi.<\/li>\n\n\n\n<li>Projets associatifs pierrefittois autonomes : enveloppe de subventions identifi\u00e9e pour Pierrefitte, instruite ind\u00e9pendamment de Saint-Denis.<\/li>\n\n\n\n<li>Maison des associations : l&rsquo;H\u00f4tel de Ville de Pierrefitte repositionn\u00e9 comme c\u0153ur civique et associatif de la commune<\/li>\n<\/ul>\n\n\n\n<p><\/p>\n","protected":false},"excerpt":{"rendered":"<p>Vivre en s\u00e9curit\u00e9 est un droit fondamental. Pas seulement la s\u00e9curit\u00e9 physique dans nos rues et nos quartiers, mais aussi la s\u00e9curit\u00e9 d\u00e9mocratique : celle de savoir que votre voix compte, que vos \u00e9lus rendent des comptes, et que l&rsquo;argent public est g\u00e9r\u00e9 avec rigueur et transparence. Notre vision de la s\u00e9curit\u00e9 repose sur une [&hellip;]<\/p>\n","protected":false},"author":1,"featured_media":0,"parent":0,"menu_order":0,"comment_status":"closed","ping_status":"closed","template":"","meta":{"footnotes":""},"class_list":["post-471","page","type-page","status-publish","hentry"],"_links":{"self":[{"href":"https:\/\/www.agirsd.fr\/index.php\/wp-json\/wp\/v2\/pages\/471","targetHints":{"allow":["GET"]}}],"collection":[{"href":"https:\/\/www.agirsd.fr\/index.php\/wp-json\/wp\/v2\/pages"}],"about":[{"href":"https:\/\/www.agirsd.fr\/index.php\/wp-json\/wp\/v2\/types\/page"}],"author":[{"embeddable":true,"href":"https:\/\/www.agirsd.fr\/index.php\/wp-json\/wp\/v2\/users\/1"}],"replies":[{"embeddable":true,"href":"https:\/\/www.agirsd.fr\/index.php\/wp-json\/wp\/v2\/comments?post=471"}],"version-history":[{"count":8,"href":"https:\/\/www.agirsd.fr\/index.php\/wp-json\/wp\/v2\/pages\/471\/revisions"}],"predecessor-version":[{"id":700,"href":"https:\/\/www.agirsd.fr\/index.php\/wp-json\/wp\/v2\/pages\/471\/revisions\/700"}],"wp:attachment":[{"href":"https:\/\/www.agirsd.fr\/index.php\/wp-json\/wp\/v2\/media?parent=471"}],"curies":[{"name":"wp","href":"https:\/\/api.w.org\/{rel}","templated":true}]}}