{"id":414,"date":"2025-11-26T16:52:30","date_gmt":"2025-11-26T15:52:30","guid":{"rendered":"https:\/\/www.agirsd.fr\/?page_id=414"},"modified":"2026-01-04T22:25:35","modified_gmt":"2026-01-04T21:25:35","slug":"mentions-legales","status":"publish","type":"page","link":"https:\/\/www.agirsd.fr\/index.php\/mentions-legales\/","title":{"rendered":"Mentions l\u00e9gales"},"content":{"rendered":"\n<p><strong>Responsable de publication : <\/strong><\/p>\n\n\n\n<p>Quentin Gutierrez<br>93200 Saint-Denis<br>France<br>Site web\u00a0: <a href=\"https:\/\/www.agirsd.fr\">https:\/\/www.agirsd.fr<\/a><br>E-mail\u00a0: contact@agirsd.fr<\/p>\n\n\n\n<p><strong>H\u00e9bergeur :<\/strong><\/p>\n\n\n\n<p><a href=\"https:\/\/www.ovhcloud.com\">https:\/\/www.ovhcloud.com<\/a><\/p>\n\n\n\n<p>SAS au capital de 50 000 000 \u20ac<\/p>\n\n\n\n<p>RCS Lille M\u00e9tropole 424 761 419 00045<br>Code APE 2620Z<br>N\u00b0 TVA : FR 22 424 761 419<br>Si\u00e8ge social : 2 rue Kellermann &#8211; 59100 Roubaix &#8211; France<\/p>\n\n\n\n<p>OVH SAS est une filiale de la soci\u00e9t\u00e9 OVH Groupe SA, soci\u00e9t\u00e9 immatricul\u00e9e au RCS de Lille sous le num\u00e9ro 537 407 926 sise 2, rue Kellermann, 59100 Roubaix.<\/p>\n","protected":false},"excerpt":{"rendered":"<p>Responsable de publication : Quentin Gutierrez93200 Saint-DenisFranceSite web\u00a0: https:\/\/www.agirsd.frE-mail\u00a0: contact@agirsd.fr H\u00e9bergeur : https:\/\/www.ovhcloud.com SAS au capital de 50 000 000 \u20ac RCS Lille M\u00e9tropole 424 761 419 00045Code APE 2620ZN\u00b0 TVA : FR 22 424 761 419Si\u00e8ge social : 2 rue Kellermann &#8211; 59100 Roubaix &#8211; France OVH SAS est une filiale de la soci\u00e9t\u00e9 [&hellip;]<\/p>\n","protected":false},"author":1,"featured_media":0,"parent":0,"menu_order":0,"comment_status":"closed","ping_status":"closed","template":"","meta":{"footnotes":""},"class_list":["post-414","page","type-page","status-publish","hentry"],"_links":{"self":[{"href":"https:\/\/www.agirsd.fr\/index.php\/wp-json\/wp\/v2\/pages\/414","targetHints":{"allow":["GET"]}}],"collection":[{"href":"https:\/\/www.agirsd.fr\/index.php\/wp-json\/wp\/v2\/pages"}],"about":[{"href":"https:\/\/www.agirsd.fr\/index.php\/wp-json\/wp\/v2\/types\/page"}],"author":[{"embeddable":true,"href":"https:\/\/www.agirsd.fr\/index.php\/wp-json\/wp\/v2\/users\/1"}],"replies":[{"embeddable":true,"href":"https:\/\/www.agirsd.fr\/index.php\/wp-json\/wp\/v2\/comments?post=414"}],"version-history":[{"count":2,"href":"https:\/\/www.agirsd.fr\/index.php\/wp-json\/wp\/v2\/pages\/414\/revisions"}],"predecessor-version":[{"id":549,"href":"https:\/\/www.agirsd.fr\/index.php\/wp-json\/wp\/v2\/pages\/414\/revisions\/549"}],"wp:attachment":[{"href":"https:\/\/www.agirsd.fr\/index.php\/wp-json\/wp\/v2\/media?parent=414"}],"curies":[{"name":"wp","href":"https:\/\/api.w.org\/{rel}","templated":true}]}}